{"id":55,"date":"2025-02-24T20:15:08","date_gmt":"2025-02-24T20:15:08","guid":{"rendered":"https:\/\/ikryptoo.com\/?page_id=55"},"modified":"2025-02-24T20:15:09","modified_gmt":"2025-02-24T20:15:09","slug":"contactar-nos","status":"publish","type":"page","link":"https:\/\/www.ikryptoo.com\/pt\/contactar-nos\/","title":{"rendered":"Contactar-nos"},"content":{"rendered":"<h2 class=\"wp-block-heading\"><strong>Entre em contacto com a iKryptoo<\/strong><\/h2>\n\n\n\n<p>Tem uma pergunta, sugest\u00e3o ou inqu\u00e9rito comercial? Gostar\u00edamos muito de o ouvir! Em <strong>iKryptoo.com<\/strong>Na nossa empresa, estamos empenhados em fornecer informa\u00e7\u00f5es de alto n\u00edvel sobre criptomoeda, blockchain e finan\u00e7as digitais. Quer esteja \u00e0 procura de colabora\u00e7\u00e3o, oportunidades de parceria ou apenas precise de aconselhamento especializado, a nossa equipa est\u00e1 aqui para o ajudar.<\/p>\n\n\n\n<h2 class=\"wp-block-heading\"><strong>Como entrar em contacto connosco<\/strong><\/h2>\n\n\n\n<p>\ud83d\udce7 <strong>Correio eletr\u00f3nico:<\/strong> <a href=\"mailto:info@ikryptoo.com\">info@ikryptoo.com<\/a><br>\ud83c\udf10 <strong>S\u00edtio Web:<\/strong> <a href=\"https:\/\/www.ikryptoo.com\/pt\/\">www.ikryptoo.com<\/a><br>\ud83d\udccd <strong>Localiza\u00e7\u00e3o:<\/strong> Brooklyn, Nova Iorque, Estados Unidos<\/p>\n\n\n\n<h2 class=\"wp-block-heading\"><strong>Ligue-se a n\u00f3s online<\/strong><\/h2>\n\n\n\n<p>Mantenha-se atualizado com as \u00faltimas not\u00edcias, tend\u00eancias e ideias sobre criptomoedas, contactando-nos atrav\u00e9s do formul\u00e1rio<\/p>\n\n\n<style id=\"wpforms-css-vars-56\">\n\t\t\t\t#wpforms-56 {\n\t\t\t\t\n\t\t\t}\n\t\t\t<\/style><div class=\"wpforms-container wpforms-container-full wpforms-render-modern\" id=\"wpforms-56\"><form id=\"wpforms-form-56\" class=\"wpforms-validate wpforms-form wpforms-ajax-form\" data-formid=\"56\" method=\"post\" enctype=\"multipart\/form-data\" action=\"\/pt\/wp-json\/wp\/v2\/pages\/55\" data-token=\"f64614af7104339343fec55b1a646584\" data-token-time=\"1776418935\" data-trp-original-action=\"\/pt\/wp-json\/wp\/v2\/pages\/55\"><noscript class=\"wpforms-error-noscript\">Active o JavaScript no seu browser para preencher este formul\u00e1rio.<\/noscript><div id=\"wpforms-error-noscript\" style=\"display: none;\">Active o JavaScript no seu browser para preencher este formul\u00e1rio.<\/div><div class=\"wpforms-field-container\"><div id=\"wpforms-56-field_1-container\" class=\"wpforms-field wpforms-field-name\" data-field-id=\"1\"><fieldset><legend class=\"wpforms-field-label\">Nome <span class=\"wpforms-required-label\" aria-hidden=\"true\">*<\/span><\/legend><div class=\"wpforms-field-row wpforms-field-medium\"><div class=\"wpforms-field-row-block wpforms-first wpforms-one-half\"><input type=\"text\" id=\"wpforms-56-field_1\" class=\"wpforms-field-name-first wpforms-field-required\" name=\"wpforms[fields][1][first]\" aria-errormessage=\"wpforms-56-field_1-error\" required><label for=\"wpforms-56-field_1\" class=\"wpforms-field-sublabel after\">Primeiro<\/label><\/div><div class=\"wpforms-field-row-block wpforms-one-half\"><input type=\"text\" id=\"wpforms-56-field_1-last\" class=\"wpforms-field-name-last wpforms-field-required\" name=\"wpforms[fields][1][last]\" aria-errormessage=\"wpforms-56-field_1-last-error\" required><label for=\"wpforms-56-field_1-last\" class=\"wpforms-field-sublabel after\">\u00daltimo<\/label><\/div><\/div><\/fieldset><\/div>\t\t<div id=\"wpforms-56-field_4-container\"\n\t\t\tclass=\"wpforms-field wpforms-field-text\"\n\t\t\tdata-field-type=\"text\"\n\t\t\tdata-field-id=\"4\"\n\t\t\t>\n\t\t\t<label class=\"wpforms-field-label\" for=\"wpforms-56-field_4\" >Coment\u00e1rio Mensagem de correio eletr\u00f3nico<\/label>\n\t\t\t<input type=\"text\" id=\"wpforms-56-field_4\" class=\"wpforms-field-medium\" name=\"wpforms[fields][4]\" >\n\t\t<\/div>\n\t\t<div id=\"wpforms-56-field_2-container\" class=\"wpforms-field wpforms-field-email\" data-field-id=\"2\"><label class=\"wpforms-field-label\" for=\"wpforms-56-field_2\">Correio eletr\u00f3nico <span class=\"wpforms-required-label\" aria-hidden=\"true\">*<\/span><\/label><input type=\"email\" id=\"wpforms-56-field_2\" class=\"wpforms-field-medium wpforms-field-required\" name=\"wpforms[fields][2]\" spellcheck=\"false\" aria-errormessage=\"wpforms-56-field_2-error\" required><\/div><div id=\"wpforms-56-field_3-container\" class=\"wpforms-field wpforms-field-textarea\" data-field-id=\"3\"><label class=\"wpforms-field-label\" for=\"wpforms-56-field_3\">Coment\u00e1rio ou mensagem<\/label><textarea id=\"wpforms-56-field_3\" class=\"wpforms-field-medium\" name=\"wpforms[fields][3]\" aria-errormessage=\"wpforms-56-field_3-error\" ><\/textarea><\/div><script>\n\t\t\t\t( function() {\n\t\t\t\t\tconst style = document.createElement( 'style' );\n\t\t\t\t\tstyle.appendChild( document.createTextNode( '#wpforms-56-field_4-container { position: absolute !important; overflow: hidden !important; display: inline !important; height: 1px !important; width: 1px !important; z-index: -1000 !important; padding: 0 !important; } #wpforms-56-field_4-container input { visibility: hidden; } #wpforms-conversational-form-page #wpforms-56-field_4-container label { counter-increment: none; }' ) );\n\t\t\t\t\tdocument.head.appendChild( style );\n\t\t\t\t\tdocument.currentScript?.remove();\n\t\t\t\t} )();\n\t\t\t<\/script><\/div><!-- .wpforms-field-container --><div class=\"wpforms-submit-container\" ><input type=\"hidden\" name=\"wpforms[id]\" value=\"56\"><input type=\"hidden\" name=\"page_title\" value=\"\"><input type=\"hidden\" name=\"page_url\" value=\"https:\/\/www.ikryptoo.com\/pt\/wp-json\/wp\/v2\/pages\/55\"><input type=\"hidden\" name=\"url_referer\" value=\"\"><button type=\"submit\" name=\"wpforms[submit]\" id=\"wpforms-submit-56\" class=\"wpforms-submit\" data-alt-text=\"Sending...\" data-submit-text=\"Submit\" aria-live=\"assertive\" value=\"wpforms-submit\">Enviar<\/button><img decoding=\"async\" src=\"https:\/\/www.ikryptoo.com\/wp-content\/plugins\/wpforms-lite\/assets\/images\/submit-spin.svg\" class=\"wpforms-submit-spinner\" style=\"display: none;\" width=\"26\" height=\"26\" alt=\"Carregamento\"><\/div><input type=\"hidden\" name=\"trp-form-language\" value=\"pt\"\/><\/form><\/div>  <!-- .wpforms-container -->\n\n\n\n<h2 class=\"wp-block-heading\"><strong>Informa\u00e7\u00f5es sobre empresas e parcerias<\/strong><\/h2>\n\n\n\n<p>Para pedidos de imprensa, contribui\u00e7\u00f5es de convidados, publicidade ou colabora\u00e7\u00f5es comerciais, n\u00e3o hesite em contactar-nos atrav\u00e9s de <strong><a href=\"mailto:info@ikryptoo.com\">info@ikryptoo.com<\/a><\/strong>. A nossa equipa responder\u00e1 o mais rapidamente poss\u00edvel.<\/p>\n\n\n\n<h2 class=\"wp-block-heading\"><strong>Vamos construir juntos o futuro das criptomoedas!<\/strong><\/h2>\n\n\n\n<p>Valorizamos os seus coment\u00e1rios e o seu envolvimento. Se tiver ideias, sugest\u00f5es ou perguntas, n\u00e3o hesite em contactar-nos. Junte-se a n\u00f3s para moldar o futuro da criptomoeda! \ud83d\ude80<\/p>\n\n\n\n<p><\/p>","protected":false},"excerpt":{"rendered":"<p>Entre em contacto com a iKryptoo Tem uma pergunta, sugest\u00e3o ou pedido de informa\u00e7\u00e3o comercial? Gostar\u00edamos muito de o ouvir! No iKryptoo.com, estamos empenhados em fornecer informa\u00e7\u00f5es de primeira linha sobre criptomoeda, blockchain e finan\u00e7as digitais. Quer esteja \u00e0 procura de colabora\u00e7\u00e3o, oportunidades de parceria ou apenas precise de aconselhamento especializado, a nossa equipa est\u00e1 aqui para o ajudar. Como entrar em contacto<\/p>","protected":false},"author":1,"featured_media":0,"parent":0,"menu_order":0,"comment_status":"closed","ping_status":"closed","template":"","meta":{"footnotes":""},"class_list":["post-55","page","type-page","status-publish"],"yoast_head":"<!-- This site is optimized with the Yoast SEO plugin v26.7 - https:\/\/yoast.com\/wordpress\/plugins\/seo\/ -->\n<title>Contact us - iKryptoo :: Crypto Stories, Tips And Strategies<\/title>\n<meta name=\"description\" content=\"Have a question, suggestion, or business inquiry? We\u2019d love to hear from you! At iKryptoo.com, providing top-tier insights into crypto\" \/>\n<meta name=\"robots\" content=\"index, follow, max-snippet:-1, max-image-preview:large, max-video-preview:-1\" \/>\n<link rel=\"canonical\" href=\"https:\/\/www.ikryptoo.com\/pt\/contactar-nos\/\" \/>\n<meta property=\"og:locale\" content=\"pt_PT\" \/>\n<meta property=\"og:type\" content=\"article\" \/>\n<meta property=\"og:title\" content=\"Contact us - iKryptoo :: Crypto Stories, Tips And Strategies\" \/>\n<meta property=\"og:description\" content=\"Have a question, suggestion, or business inquiry? We\u2019d love to hear from you! At iKryptoo.com, providing top-tier insights into crypto\" \/>\n<meta property=\"og:url\" content=\"https:\/\/www.ikryptoo.com\/pt\/contactar-nos\/\" \/>\n<meta property=\"og:site_name\" content=\"iKryptoo :: Crypto Stories, Tips And Strategies\" \/>\n<meta property=\"article:modified_time\" content=\"2025-02-24T20:15:09+00:00\" \/>\n<meta name=\"twitter:card\" content=\"summary_large_image\" \/>\n<meta name=\"twitter:label1\" content=\"Tempo estimado de leitura\" \/>\n\t<meta name=\"twitter:data1\" content=\"1 minuto\" \/>\n<script type=\"application\/ld+json\" class=\"yoast-schema-graph\">{\"@context\":\"https:\/\/schema.org\",\"@graph\":[{\"@type\":\"WebPage\",\"@id\":\"https:\/\/www.ikryptoo.com\/contact-us\/\",\"url\":\"https:\/\/www.ikryptoo.com\/contact-us\/\",\"name\":\"Contact us - iKryptoo :: Crypto Stories, Tips And Strategies\",\"isPartOf\":{\"@id\":\"https:\/\/www.ikryptoo.com\/fr\/#website\"},\"datePublished\":\"2025-02-24T20:15:08+00:00\",\"dateModified\":\"2025-02-24T20:15:09+00:00\",\"description\":\"Have a question, suggestion, or business inquiry? We\u2019d love to hear from you! At iKryptoo.com, providing top-tier insights into crypto\",\"breadcrumb\":{\"@id\":\"https:\/\/www.ikryptoo.com\/contact-us\/#breadcrumb\"},\"inLanguage\":\"pt-PT\",\"potentialAction\":[{\"@type\":\"ReadAction\",\"target\":[\"https:\/\/www.ikryptoo.com\/contact-us\/\"]}]},{\"@type\":\"BreadcrumbList\",\"@id\":\"https:\/\/www.ikryptoo.com\/contact-us\/#breadcrumb\",\"itemListElement\":[{\"@type\":\"ListItem\",\"position\":1,\"name\":\"Home\",\"item\":\"https:\/\/www.ikryptoo.com\/\"},{\"@type\":\"ListItem\",\"position\":2,\"name\":\"Contact us\"}]},{\"@type\":\"WebSite\",\"@id\":\"https:\/\/www.ikryptoo.com\/fr\/#website\",\"url\":\"https:\/\/www.ikryptoo.com\/fr\/\",\"name\":\"iKryptoo :: Crypto Stories, Tips And Strategies\",\"description\":\"iKryptoo provides expert tips, strategies, and the latest insights on cryptocurrencies. Whether you&#039;re a beginner or an experienced trader, we offer valuable advice to help you navigate the ever-changing world of crypto and make informed decisions.\",\"publisher\":{\"@id\":\"https:\/\/www.ikryptoo.com\/fr\/#organization\"},\"potentialAction\":[{\"@type\":\"SearchAction\",\"target\":{\"@type\":\"EntryPoint\",\"urlTemplate\":\"https:\/\/www.ikryptoo.com\/fr\/?s={search_term_string}\"},\"query-input\":{\"@type\":\"PropertyValueSpecification\",\"valueRequired\":true,\"valueName\":\"search_term_string\"}}],\"inLanguage\":\"pt-PT\"},{\"@type\":\"Organization\",\"@id\":\"https:\/\/www.ikryptoo.com\/fr\/#organization\",\"name\":\"iKryptoo :: Crypto Stories, Tips And Strategies\",\"url\":\"https:\/\/www.ikryptoo.com\/fr\/\",\"logo\":{\"@type\":\"ImageObject\",\"inLanguage\":\"pt-PT\",\"@id\":\"https:\/\/www.ikryptoo.com\/fr\/#\/schema\/logo\/image\/\",\"url\":\"https:\/\/ikryptoo.com\/wp-content\/uploads\/2024\/10\/ikryptoo-favicon.png\",\"contentUrl\":\"https:\/\/ikryptoo.com\/wp-content\/uploads\/2024\/10\/ikryptoo-favicon.png\",\"width\":512,\"height\":512,\"caption\":\"iKryptoo :: Crypto Stories, Tips And Strategies\"},\"image\":{\"@id\":\"https:\/\/www.ikryptoo.com\/fr\/#\/schema\/logo\/image\/\"}}]}<\/script>\n<!-- \/ Yoast SEO plugin. -->","yoast_head_json":{"title":"Contacte-nos - iKryptoo :: Hist\u00f3rias, dicas e estrat\u00e9gias de criptografia","description":"Tem uma pergunta, sugest\u00e3o ou inqu\u00e9rito comercial? Gostar\u00edamos muito de o ouvir! Em iKryptoo.com, fornecendo informa\u00e7\u00f5es de alto n\u00edvel sobre criptografia","robots":{"index":"index","follow":"follow","max-snippet":"max-snippet:-1","max-image-preview":"max-image-preview:large","max-video-preview":"max-video-preview:-1"},"canonical":"https:\/\/www.ikryptoo.com\/pt\/contactar-nos\/","og_locale":"pt_PT","og_type":"article","og_title":"Contact us - iKryptoo :: Crypto Stories, Tips And Strategies","og_description":"Have a question, suggestion, or business inquiry? We\u2019d love to hear from you! At iKryptoo.com, providing top-tier insights into crypto","og_url":"https:\/\/www.ikryptoo.com\/pt\/contactar-nos\/","og_site_name":"iKryptoo :: Crypto Stories, Tips And Strategies","article_modified_time":"2025-02-24T20:15:09+00:00","twitter_card":"summary_large_image","twitter_misc":{"Tempo estimado de leitura":"1 minuto"},"schema":{"@context":"https:\/\/schema.org","@graph":[{"@type":"WebPage","@id":"https:\/\/www.ikryptoo.com\/contact-us\/","url":"https:\/\/www.ikryptoo.com\/contact-us\/","name":"Contacte-nos - iKryptoo :: Hist\u00f3rias, dicas e estrat\u00e9gias de criptografia","isPartOf":{"@id":"https:\/\/www.ikryptoo.com\/fr\/#website"},"datePublished":"2025-02-24T20:15:08+00:00","dateModified":"2025-02-24T20:15:09+00:00","description":"Tem uma pergunta, sugest\u00e3o ou inqu\u00e9rito comercial? Gostar\u00edamos muito de o ouvir! Em iKryptoo.com, fornecendo informa\u00e7\u00f5es de alto n\u00edvel sobre criptografia","breadcrumb":{"@id":"https:\/\/www.ikryptoo.com\/contact-us\/#breadcrumb"},"inLanguage":"pt-PT","potentialAction":[{"@type":"ReadAction","target":["https:\/\/www.ikryptoo.com\/contact-us\/"]}]},{"@type":"BreadcrumbList","@id":"https:\/\/www.ikryptoo.com\/contact-us\/#breadcrumb","itemListElement":[{"@type":"ListItem","position":1,"name":"Home","item":"https:\/\/www.ikryptoo.com\/"},{"@type":"ListItem","position":2,"name":"Contact us"}]},{"@type":"WebSite","@id":"https:\/\/www.ikryptoo.com\/fr\/#website","url":"https:\/\/www.ikryptoo.com\/fr\/","name":"iKryptoo :: Hist\u00f3rias, dicas e estrat\u00e9gias de criptografia","description":"O iKryptoo fornece dicas de especialistas, estrat\u00e9gias e os mais recentes insights sobre criptomoedas. Quer seja um principiante ou um operador experiente, oferecemos conselhos valiosos para o ajudar a navegar no mundo em constante mudan\u00e7a das criptomoedas e a tomar decis\u00f5es informadas.","publisher":{"@id":"https:\/\/www.ikryptoo.com\/fr\/#organization"},"potentialAction":[{"@type":"SearchAction","target":{"@type":"EntryPoint","urlTemplate":"https:\/\/www.ikryptoo.com\/fr\/?s={search_term_string}"},"query-input":{"@type":"PropertyValueSpecification","valueRequired":true,"valueName":"search_term_string"}}],"inLanguage":"pt-PT"},{"@type":"Organization","@id":"https:\/\/www.ikryptoo.com\/fr\/#organization","name":"iKryptoo :: Hist\u00f3rias, dicas e estrat\u00e9gias de criptografia","url":"https:\/\/www.ikryptoo.com\/fr\/","logo":{"@type":"ImageObject","inLanguage":"pt-PT","@id":"https:\/\/www.ikryptoo.com\/fr\/#\/schema\/logo\/image\/","url":"https:\/\/ikryptoo.com\/wp-content\/uploads\/2024\/10\/ikryptoo-favicon.png","contentUrl":"https:\/\/ikryptoo.com\/wp-content\/uploads\/2024\/10\/ikryptoo-favicon.png","width":512,"height":512,"caption":"iKryptoo :: Crypto Stories, Tips And Strategies"},"image":{"@id":"https:\/\/www.ikryptoo.com\/fr\/#\/schema\/logo\/image\/"}}]}},"_links":{"self":[{"href":"https:\/\/www.ikryptoo.com\/pt\/wp-json\/wp\/v2\/pages\/55","targetHints":{"allow":["GET"]}}],"collection":[{"href":"https:\/\/www.ikryptoo.com\/pt\/wp-json\/wp\/v2\/pages"}],"about":[{"href":"https:\/\/www.ikryptoo.com\/pt\/wp-json\/wp\/v2\/types\/page"}],"author":[{"embeddable":true,"href":"https:\/\/www.ikryptoo.com\/pt\/wp-json\/wp\/v2\/users\/1"}],"replies":[{"embeddable":true,"href":"https:\/\/www.ikryptoo.com\/pt\/wp-json\/wp\/v2\/comments?post=55"}],"version-history":[{"count":1,"href":"https:\/\/www.ikryptoo.com\/pt\/wp-json\/wp\/v2\/pages\/55\/revisions"}],"predecessor-version":[{"id":59,"href":"https:\/\/www.ikryptoo.com\/pt\/wp-json\/wp\/v2\/pages\/55\/revisions\/59"}],"wp:attachment":[{"href":"https:\/\/www.ikryptoo.com\/pt\/wp-json\/wp\/v2\/media?parent=55"}],"curies":[{"name":"wp","href":"https:\/\/api.w.org\/{rel}","templated":true}]}}